{"id":117,"date":"2021-04-15T10:30:12","date_gmt":"2021-04-15T08:30:12","guid":{"rendered":"http:\/\/monenveloppeplastiqueopaque.fr\/?page_id=117"},"modified":"2021-04-16T11:12:27","modified_gmt":"2021-04-16T09:12:27","slug":"inf","status":"publish","type":"page","link":"https:\/\/monenveloppeplastiqueopaque.fr\/index.php\/inf\/","title":{"rendered":"Informations pratiques"},"content":{"rendered":"\t\t<div data-elementor-type=\"wp-page\" data-elementor-id=\"117\" class=\"elementor elementor-117\" data-elementor-settings=\"[]\">\n\t\t\t\t\t\t\t<div class=\"elementor-section-wrap\">\n\t\t\t\t\t\t\t<section class=\"elementor-section elementor-top-section elementor-element elementor-element-4f4cd01 elementor-section-boxed elementor-section-height-default elementor-section-height-default\" data-id=\"4f4cd01\" data-element_type=\"section\">\n\t\t\t\t\t\t<div class=\"elementor-container elementor-column-gap-default\">\n\t\t\t\t\t<div class=\"elementor-column elementor-col-100 elementor-top-column elementor-element elementor-element-53677d9\" data-id=\"53677d9\" data-element_type=\"column\">\n\t\t\t<div class=\"elementor-widget-wrap elementor-element-populated\">\n\t\t\t\t\t\t\t\t<div class=\"elementor-element elementor-element-4f51bca elementor-widget elementor-widget-heading\" data-id=\"4f51bca\" data-element_type=\"widget\" data-widget_type=\"heading.default\">\n\t\t\t\t<div class=\"elementor-widget-container\">\n\t\t\t<h2 class=\"elementor-heading-title elementor-size-default\">Informations Pratiques<br><\/h2>\t\t<\/div>\n\t\t\t\t<\/div>\n\t\t\t\t\t<\/div>\n\t\t<\/div>\n\t\t\t\t\t\t\t<\/div>\n\t\t<\/section>\n\t\t\t\t<section class=\"elementor-section elementor-top-section elementor-element elementor-element-15e15d3e elementor-section-content-middle elementor-section-boxed elementor-section-height-default elementor-section-height-default\" data-id=\"15e15d3e\" data-element_type=\"section\" data-settings=\"{&quot;background_background&quot;:&quot;classic&quot;}\">\n\t\t\t\t\t\t<div class=\"elementor-container elementor-column-gap-no\">\n\t\t\t\t\t<div class=\"elementor-column elementor-col-50 elementor-top-column elementor-element elementor-element-1afd0e95\" data-id=\"1afd0e95\" data-element_type=\"column\">\n\t\t\t<div class=\"elementor-widget-wrap elementor-element-populated\">\n\t\t\t\t\t\t\t\t<div class=\"elementor-element elementor-element-7ca1e003 elementor-widget elementor-widget-image\" data-id=\"7ca1e003\" data-element_type=\"widget\" data-widget_type=\"image.default\">\n\t\t\t\t<div class=\"elementor-widget-container\">\n\t\t\t\t\t<div class=\"elementor-image\">\n\t\t\t\t\t\t\t\t\t\t<img loading=\"lazy\" decoding=\"async\" width=\"750\" height=\"422\" src=\"https:\/\/monenveloppeplastiqueopaque.fr\/wp-content\/uploads\/2021\/04\/creatif-1024x576.png\" class=\"attachment-large size-large\" alt=\"\" srcset=\"https:\/\/monenveloppeplastiqueopaque.fr\/wp-content\/uploads\/2021\/04\/creatif-1024x576.png 1024w, https:\/\/monenveloppeplastiqueopaque.fr\/wp-content\/uploads\/2021\/04\/creatif-300x169.png 300w, https:\/\/monenveloppeplastiqueopaque.fr\/wp-content\/uploads\/2021\/04\/creatif-768x432.png 768w, https:\/\/monenveloppeplastiqueopaque.fr\/wp-content\/uploads\/2021\/04\/creatif-1536x864.png 1536w, https:\/\/monenveloppeplastiqueopaque.fr\/wp-content\/uploads\/2021\/04\/creatif.png 1920w\" sizes=\"(max-width: 750px) 100vw, 750px\" \/>\t\t\t\t\t\t\t\t\t\t\t<\/div>\n\t\t\t\t<\/div>\n\t\t\t\t<\/div>\n\t\t\t\t\t<\/div>\n\t\t<\/div>\n\t\t\t\t<div class=\"elementor-column elementor-col-50 elementor-top-column elementor-element elementor-element-3de2e98f\" data-id=\"3de2e98f\" data-element_type=\"column\" data-settings=\"{&quot;background_background&quot;:&quot;classic&quot;}\">\n\t\t\t<div class=\"elementor-widget-wrap elementor-element-populated\">\n\t\t\t\t\t\t\t\t<div class=\"elementor-element elementor-element-69e85f08 elementor-view-default elementor-widget elementor-widget-icon\" data-id=\"69e85f08\" data-element_type=\"widget\" data-widget_type=\"icon.default\">\n\t\t\t\t<div class=\"elementor-widget-container\">\n\t\t\t\t\t<div class=\"elementor-icon-wrapper\">\n\t\t\t<div class=\"elementor-icon\">\n\t\t\t<i aria-hidden=\"true\" class=\"fas fa-lightbulb\"><\/i>\t\t\t<\/div>\n\t\t<\/div>\n\t\t\t\t<\/div>\n\t\t\t\t<\/div>\n\t\t\t\t<div class=\"elementor-element elementor-element-62f636b0 elementor-widget elementor-widget-heading\" data-id=\"62f636b0\" data-element_type=\"widget\" data-widget_type=\"heading.default\">\n\t\t\t\t<div class=\"elementor-widget-container\">\n\t\t\t<h3 class=\"elementor-heading-title elementor-size-large\">Faites l'exp\u00e9rience de la personnalisation<br><\/h3>\t\t<\/div>\n\t\t\t\t<\/div>\n\t\t\t\t<div class=\"elementor-element elementor-element-5f469a4 elementor-widget elementor-widget-text-editor\" data-id=\"5f469a4\" data-element_type=\"widget\" data-widget_type=\"text-editor.default\">\n\t\t\t\t<div class=\"elementor-widget-container\">\n\t\t\t\t\t<div class=\"elementor-text-editor elementor-clearfix\"><p>Personnaliser son enveloppe plastique opaque c\u2019est se distinguer, c\u2019est d\u00e9finir votre identit\u00e9 de marque et communiquer autour de celle-ci. Que vous vouliez imprimer en une ou plusieurs couleurs, d\u2019un c\u00f4t\u00e9 ou de l\u2019autre du support; tout est possible pour cr\u00e9er l\u2019enveloppe plastique opaque qui vous ressemble !<\/p><\/div>\n\t\t\t\t<\/div>\n\t\t\t\t<\/div>\n\t\t\t\t<div class=\"elementor-element elementor-element-7d59842a elementor-widget elementor-widget-text-editor\" data-id=\"7d59842a\" data-element_type=\"widget\" data-widget_type=\"text-editor.default\">\n\t\t\t\t<div class=\"elementor-widget-container\">\n\t\t\t\t\t<div class=\"elementor-text-editor elementor-clearfix\"><div data-id=\"6c8e367b\" data-element_type=\"widget\" data-widget_type=\"heading.default\" style=\"width: 480px; color: #3c4858; font-family: Abel; font-size: 14px; text-align: start; background-color: rgba(241, 243, 245, 0.5);\"><h3 style=\"font-family: Abel, sans-serif; font-weight: 400; color: #444444; font-size: 28px; text-transform: uppercase;\"><\/h3><\/div><div data-id=\"15f5720a\" data-element_type=\"widget\" data-widget_type=\"text-editor.default\" style=\"width: 480px; font-size: 17px; font-weight: 300; line-height: 1.8em; color: #3c4858; font-family: Abel; text-align: start; background-color: rgba(241, 243, 245, 0.5);\"><div style=\"padding: 10px 0px;\"><p><\/p><\/div><\/div><\/div>\n\t\t\t\t<\/div>\n\t\t\t\t<\/div>\n\t\t\t\t\t<\/div>\n\t\t<\/div>\n\t\t\t\t\t\t\t<\/div>\n\t\t<\/section>\n\t\t\t\t<section class=\"elementor-section elementor-top-section elementor-element elementor-element-2a40a06e elementor-section-content-middle elementor-reverse-mobile elementor-section-boxed elementor-section-height-default elementor-section-height-default\" data-id=\"2a40a06e\" data-element_type=\"section\" data-settings=\"{&quot;background_background&quot;:&quot;classic&quot;}\">\n\t\t\t\t\t\t<div class=\"elementor-container elementor-column-gap-no\">\n\t\t\t\t\t<div class=\"elementor-column elementor-col-50 elementor-top-column elementor-element elementor-element-35e790e1\" data-id=\"35e790e1\" data-element_type=\"column\" data-settings=\"{&quot;background_background&quot;:&quot;classic&quot;}\">\n\t\t\t<div class=\"elementor-widget-wrap elementor-element-populated\">\n\t\t\t\t\t\t\t\t<div class=\"elementor-element elementor-element-3cbadb29 elementor-view-default elementor-widget elementor-widget-icon\" data-id=\"3cbadb29\" data-element_type=\"widget\" data-widget_type=\"icon.default\">\n\t\t\t\t<div class=\"elementor-widget-container\">\n\t\t\t\t\t<div class=\"elementor-icon-wrapper\">\n\t\t\t<div class=\"elementor-icon\">\n\t\t\t<i aria-hidden=\"true\" class=\"far fa-envelope\"><\/i>\t\t\t<\/div>\n\t\t<\/div>\n\t\t\t\t<\/div>\n\t\t\t\t<\/div>\n\t\t\t\t<div class=\"elementor-element elementor-element-6f889953 elementor-widget elementor-widget-heading\" data-id=\"6f889953\" data-element_type=\"widget\" data-widget_type=\"heading.default\">\n\t\t\t\t<div class=\"elementor-widget-container\">\n\t\t\t<h3 class=\"elementor-heading-title elementor-size-large\">L'enveloppe; un moyen de communication<\/h3>\t\t<\/div>\n\t\t\t\t<\/div>\n\t\t\t\t<div class=\"elementor-element elementor-element-770054c elementor-widget elementor-widget-text-editor\" data-id=\"770054c\" data-element_type=\"widget\" data-widget_type=\"text-editor.default\">\n\t\t\t\t<div class=\"elementor-widget-container\">\n\t\t\t\t\t<div class=\"elementor-text-editor elementor-clearfix\"><p><strong>DEFINITION DU DICTIONNAIRE : \u00ab\u00a0ENVELOPPE\u00a0\u00bb<\/strong><\/p><\/div>\n\t\t\t\t<\/div>\n\t\t\t\t<\/div>\n\t\t\t\t<div class=\"elementor-element elementor-element-c9706f9 elementor-widget elementor-widget-text-editor\" data-id=\"c9706f9\" data-element_type=\"widget\" data-widget_type=\"text-editor.default\">\n\t\t\t\t<div class=\"elementor-widget-container\">\n\t\t\t\t\t<div class=\"elementor-text-editor elementor-clearfix\"><p>Ah &#8230; notre ami le dictionnaire ! Si utile mais aussi parfois tellement r\u00e9ducteur &#8230; Ne l&rsquo;\u00e9coutez pas ! L&rsquo;enveloppe n&rsquo;est pas seulement une couche de plastique avec une adresse. Elle est aussi un outil de communication \u00e9conomique. Servez-vous en pour impressionner vos clients avant m\u00eame qu&rsquo;ils en aient d\u00e9couvert le contenu.<\/p><\/div>\n\t\t\t\t<\/div>\n\t\t\t\t<\/div>\n\t\t\t\t\t<\/div>\n\t\t<\/div>\n\t\t\t\t<div class=\"elementor-column elementor-col-50 elementor-top-column elementor-element elementor-element-1c75e16b\" data-id=\"1c75e16b\" data-element_type=\"column\">\n\t\t\t<div class=\"elementor-widget-wrap elementor-element-populated\">\n\t\t\t\t\t\t\t\t<div class=\"elementor-element elementor-element-1651b35 elementor-widget elementor-widget-image\" data-id=\"1651b35\" data-element_type=\"widget\" data-widget_type=\"image.default\">\n\t\t\t\t<div class=\"elementor-widget-container\">\n\t\t\t\t\t<div class=\"elementor-image\">\n\t\t\t\t\t\t\t\t\t\t<img loading=\"lazy\" decoding=\"async\" width=\"750\" height=\"422\" src=\"https:\/\/monenveloppeplastiqueopaque.fr\/wp-content\/uploads\/2021\/04\/Communication-1024x576.png\" class=\"attachment-large size-large\" alt=\"\" srcset=\"https:\/\/monenveloppeplastiqueopaque.fr\/wp-content\/uploads\/2021\/04\/Communication-1024x576.png 1024w, https:\/\/monenveloppeplastiqueopaque.fr\/wp-content\/uploads\/2021\/04\/Communication-300x169.png 300w, https:\/\/monenveloppeplastiqueopaque.fr\/wp-content\/uploads\/2021\/04\/Communication-768x432.png 768w, https:\/\/monenveloppeplastiqueopaque.fr\/wp-content\/uploads\/2021\/04\/Communication-1536x864.png 1536w, https:\/\/monenveloppeplastiqueopaque.fr\/wp-content\/uploads\/2021\/04\/Communication.png 1920w\" sizes=\"(max-width: 750px) 100vw, 750px\" \/>\t\t\t\t\t\t\t\t\t\t\t<\/div>\n\t\t\t\t<\/div>\n\t\t\t\t<\/div>\n\t\t\t\t\t<\/div>\n\t\t<\/div>\n\t\t\t\t\t\t\t<\/div>\n\t\t<\/section>\n\t\t\t\t<section class=\"elementor-section elementor-top-section elementor-element elementor-element-1b5bf9d elementor-section-boxed elementor-section-height-default elementor-section-height-default\" data-id=\"1b5bf9d\" data-element_type=\"section\">\n\t\t\t\t\t\t<div class=\"elementor-container elementor-column-gap-default\">\n\t\t\t\t\t<div class=\"elementor-column elementor-col-50 elementor-top-column elementor-element elementor-element-9325c6a\" data-id=\"9325c6a\" data-element_type=\"column\">\n\t\t\t<div class=\"elementor-widget-wrap elementor-element-populated\">\n\t\t\t\t\t\t\t\t<div class=\"elementor-element elementor-element-410823e elementor-widget elementor-widget-image\" data-id=\"410823e\" data-element_type=\"widget\" data-widget_type=\"image.default\">\n\t\t\t\t<div class=\"elementor-widget-container\">\n\t\t\t\t\t<div class=\"elementor-image\">\n\t\t\t\t\t\t\t\t\t\t<img loading=\"lazy\" decoding=\"async\" width=\"750\" height=\"422\" src=\"https:\/\/monenveloppeplastiqueopaque.fr\/wp-content\/uploads\/2021\/04\/innovation-1024x576.png\" class=\"attachment-large size-large\" alt=\"\" srcset=\"https:\/\/monenveloppeplastiqueopaque.fr\/wp-content\/uploads\/2021\/04\/innovation-1024x576.png 1024w, https:\/\/monenveloppeplastiqueopaque.fr\/wp-content\/uploads\/2021\/04\/innovation-300x169.png 300w, https:\/\/monenveloppeplastiqueopaque.fr\/wp-content\/uploads\/2021\/04\/innovation-768x432.png 768w, https:\/\/monenveloppeplastiqueopaque.fr\/wp-content\/uploads\/2021\/04\/innovation-1536x864.png 1536w, https:\/\/monenveloppeplastiqueopaque.fr\/wp-content\/uploads\/2021\/04\/innovation.png 1920w\" sizes=\"(max-width: 750px) 100vw, 750px\" \/>\t\t\t\t\t\t\t\t\t\t\t<\/div>\n\t\t\t\t<\/div>\n\t\t\t\t<\/div>\n\t\t\t\t\t<\/div>\n\t\t<\/div>\n\t\t\t\t<div class=\"elementor-column elementor-col-50 elementor-top-column elementor-element elementor-element-0daa73c\" data-id=\"0daa73c\" data-element_type=\"column\" data-settings=\"{&quot;background_background&quot;:&quot;classic&quot;}\">\n\t\t\t<div class=\"elementor-widget-wrap elementor-element-populated\">\n\t\t\t\t\t\t\t\t<div class=\"elementor-element elementor-element-79455bb elementor-view-default elementor-widget elementor-widget-icon\" data-id=\"79455bb\" data-element_type=\"widget\" data-widget_type=\"icon.default\">\n\t\t\t\t<div class=\"elementor-widget-container\">\n\t\t\t\t\t<div class=\"elementor-icon-wrapper\">\n\t\t\t<div class=\"elementor-icon\">\n\t\t\t<i aria-hidden=\"true\" class=\"fas fa-globe-africa\"><\/i>\t\t\t<\/div>\n\t\t<\/div>\n\t\t\t\t<\/div>\n\t\t\t\t<\/div>\n\t\t\t\t<div class=\"elementor-element elementor-element-fea2211 elementor-widget__width-inherit elementor-widget elementor-widget-heading\" data-id=\"fea2211\" data-element_type=\"widget\" data-widget_type=\"heading.default\">\n\t\t\t\t<div class=\"elementor-widget-container\">\n\t\t\t<h3 class=\"elementor-heading-title elementor-size-large\">Innovation<\/h3>\t\t<\/div>\n\t\t\t\t<\/div>\n\t\t\t\t<div class=\"elementor-element elementor-element-b9b31b2 elementor-widget elementor-widget-text-editor\" data-id=\"b9b31b2\" data-element_type=\"widget\" data-widget_type=\"text-editor.default\">\n\t\t\t\t<div class=\"elementor-widget-container\">\n\t\t\t\t\t<div class=\"elementor-text-editor elementor-clearfix\"><p><span style=\"font-size: inherit; color: #3c4858;\">A chacun son enveloppe plastique opaque ! Que cela concerne l&rsquo;\u00e9paisseur ou le format; nous vous proposons la solution qui vous correspond. Chez Monenveloppeplastiqueopaque nous pensons que travailler avec des mat\u00e9riaux \u00e9co responsables doit devenir la priorit\u00e9. C\u2019est pourquoi nous avons r\u00e9cemment \u00e9largi notre gamme avec des enveloppes produites \u00e0 partir d&rsquo;un plastique recycl\u00e9 \u00e0 80%.<\/span><\/p><\/div>\n\t\t\t\t<\/div>\n\t\t\t\t<\/div>\n\t\t\t\t<div class=\"elementor-element elementor-element-72d6453 elementor-widget elementor-widget-text-editor\" data-id=\"72d6453\" data-element_type=\"widget\" data-widget_type=\"text-editor.default\">\n\t\t\t\t<div class=\"elementor-widget-container\">\n\t\t\t\t\t<div class=\"elementor-text-editor elementor-clearfix\"><div class=\"elementor-element elementor-element-5b8c28e0 elementor-widget elementor-widget-heading\" data-id=\"5b8c28e0\" data-element_type=\"widget\" data-widget_type=\"heading.default\" style=\"width: 480px; color: #3c4858; font-family: Abel; font-size: 14px; background-color: rgba(241, 243, 245, 0.5);\"><div class=\"elementor-widget-container\"><h3 class=\"elementor-heading-title elementor-size-large\" style=\"font-family: Abel; font-weight: 400; color: #444444; font-size: 28px; text-transform: uppercase;\"><span style=\"font-size: inherit; color: #3c4858;\">\u00a0<\/span><\/h3><h3 class=\"elementor-heading-title elementor-size-large\" style=\"font-family: Abel; font-weight: 400; color: #444444; font-size: 28px; text-transform: uppercase;\"><\/h3><\/div><\/div><\/div>\n\t\t\t\t<\/div>\n\t\t\t\t<\/div>\n\t\t\t\t\t<\/div>\n\t\t<\/div>\n\t\t\t\t\t\t\t<\/div>\n\t\t<\/section>\n\t\t\t\t\t\t<\/div>\n\t\t\t\t\t<\/div>\n\t\t","protected":false},"excerpt":{"rendered":"<p>Informations Pratiques Faites l&rsquo;exp\u00e9rience de la personnalisation Personnaliser son enveloppe plastique opaque c\u2019est se distinguer, c\u2019est d\u00e9finir votre identit\u00e9 de marque et communiquer autour de celle-ci. Que vous vouliez imprimer en une ou plusieurs couleurs, d\u2019un c\u00f4t\u00e9 ou de l\u2019autre du support; tout est possible pour cr\u00e9er l\u2019enveloppe plastique opaque [&hellip;]<\/p>\n","protected":false},"author":1,"featured_media":0,"parent":0,"menu_order":0,"comment_status":"closed","ping_status":"closed","template":"page-templates\/template-pagebuilder-full-width.php","meta":{"footnotes":""},"_links":{"self":[{"href":"https:\/\/monenveloppeplastiqueopaque.fr\/index.php\/wp-json\/wp\/v2\/pages\/117"}],"collection":[{"href":"https:\/\/monenveloppeplastiqueopaque.fr\/index.php\/wp-json\/wp\/v2\/pages"}],"about":[{"href":"https:\/\/monenveloppeplastiqueopaque.fr\/index.php\/wp-json\/wp\/v2\/types\/page"}],"author":[{"embeddable":true,"href":"https:\/\/monenveloppeplastiqueopaque.fr\/index.php\/wp-json\/wp\/v2\/users\/1"}],"replies":[{"embeddable":true,"href":"https:\/\/monenveloppeplastiqueopaque.fr\/index.php\/wp-json\/wp\/v2\/comments?post=117"}],"version-history":[{"count":67,"href":"https:\/\/monenveloppeplastiqueopaque.fr\/index.php\/wp-json\/wp\/v2\/pages\/117\/revisions"}],"predecessor-version":[{"id":297,"href":"https:\/\/monenveloppeplastiqueopaque.fr\/index.php\/wp-json\/wp\/v2\/pages\/117\/revisions\/297"}],"wp:attachment":[{"href":"https:\/\/monenveloppeplastiqueopaque.fr\/index.php\/wp-json\/wp\/v2\/media?parent=117"}],"curies":[{"name":"wp","href":"https:\/\/api.w.org\/{rel}","templated":true}]}}